{"id":154,"date":"2023-04-04T14:29:21","date_gmt":"2023-04-04T12:29:21","guid":{"rendered":"https:\/\/testing.r-craft.fun\/myweb\/wordpress\/?page_id=154"},"modified":"2023-06-16T16:05:26","modified_gmt":"2023-06-16T14:05:26","slug":"kontakt","status":"publish","type":"page","link":"https:\/\/www.viktor-ferus.cz\/?page_id=154","title":{"rendered":"Kontakt"},"content":{"rendered":"\n<div class=\"wp-block-cover alignfull is-light\" style=\"min-height:720px;aspect-ratio:unset;\"><span aria-hidden=\"true\" class=\"wp-block-cover__background has-background-dim-0 has-background-dim has-background-gradient\" style=\"background:linear-gradient(35deg,rgb(6,0,151) 0%,rgb(130,4,255) 70%,rgb(193,15,255) 100%)\"><\/span><img loading=\"lazy\" decoding=\"async\" width=\"2560\" height=\"730\" class=\"wp-block-cover__image-background wp-image-261\" alt=\"\" src=\"https:\/\/www.viktor-ferus.cz\/wp-content\/uploads\/2023\/04\/17.jpg\" style=\"object-position:74% 42%\" data-object-fit=\"cover\" data-object-position=\"74% 42%\"\/><div class=\"wp-block-cover__inner-container is-layout-flow wp-block-cover-is-layout-flow\">\n<div class=\"inherit-container-width wp-block-group alignwide is-layout-constrained wp-block-group-is-layout-constrained\">\n<div class=\"wp-block-media-text alignwide has-media-on-the-right is-stacked-on-mobile is-vertically-aligned-center\" style=\"grid-template-columns:auto 38%\"><div class=\"wp-block-media-text__content\">\n<h1 class=\"wp-block-heading has-text-align-left has-white-color has-text-color\">Kontakt<\/h1>\n\n\n\n<div class=\"wp-block-button\"><a class=\"wp-block-button__link wp-element-button\" href=\"#vf\">Zjistit v\u00edc&#8230;<\/a><\/div>\n<\/div><figure class=\"wp-block-media-text__media\"><img alt=\"\" class=\"wp-image-118 size-full\"\/><\/figure><\/div>\n<\/div>\n<\/div><\/div>\n\n\n\n<div class=\"wp-block-columns is-layout-flex wp-container-core-columns-is-layout-28f84493 wp-block-columns-is-layout-flex\">\n<div class=\"wp-block-column is-layout-flow wp-block-column-is-layout-flow\">\n<h2 class=\"wp-block-heading\" id=\"vf\">Viktor Ferus<\/h2>\n\n\n\n<p><strong>Pole p\u016fsobnosti<\/strong> &#8211; Plze\u0148 a okol\u00ed 100 km.<\/p>\n\n\n\n<p><strong>I\u010cO<\/strong>: 09072179<br><strong>ID datov\u00e9 schr\u00e1nky<\/strong>: swg5yen<\/p>\n\n\n\n<p class=\"display-inline-block\"><strong>Preferovan\u00fd kontakt &#8211; e-mail:<\/strong><\/p>\n\n\n\n<figure class=\"wp-block-image size-full is-resized display-inline-block\"><img loading=\"lazy\" decoding=\"async\" src=\"wp-content\/uploads\/2023\/04\/mejl.png\" alt=\"\" class=\"wp-image-276 mejl\" width=\"176\" height=\"21\"\/><\/figure>\n\n\n\n<p><strong>Telefon: <\/strong>+420 377 632 868<\/p>\n<\/div>\n\n\n\n<div class=\"wp-block-column is-layout-flow wp-block-column-is-layout-flow\">\n<iframe src=\"https:\/\/www.google.com\/maps\/embed?pb=!1m18!1m12!1m3!1d82507.50923690546!2d13.301884089598623!3d49.74167608827446!2m3!1f0!2f0!3f0!3m2!1i1024!2i768!4f13.1!3m3!1m2!1s0x470af1e5133d11b7%3A0x31b9406e3fc10b83!2zUGx6ZcWI!5e0!3m2!1scs!2scz!4v1680093406160!5m2!1scs!2scz\" width=\"600\" height=\"450\" style=\"border:0;\" allowfullscreen=\"\" loading=\"lazy\" referrerpolicy=\"no-referrer-when-downgrade\"><\/iframe>\n<\/div>\n<\/div>\n\n\n\n<p><\/p>\n","protected":false},"excerpt":{"rendered":"<p>Viktor Ferus Pole p\u016fsobnosti &#8211; Plze\u0148 a okol\u00ed 100 km. I\u010cO: 09072179ID datov\u00e9 schr\u00e1nky: swg5yen Preferovan\u00fd kontakt &#8211; e-mail: Telefon: +420 377 632 868<\/p>\n","protected":false},"author":1,"featured_media":0,"parent":0,"menu_order":0,"comment_status":"closed","ping_status":"closed","template":"","meta":{"site-sidebar-layout":"default","site-content-layout":"default","ast-global-header-display":"","ast-main-header-display":"","ast-hfb-above-header-display":"","ast-hfb-below-header-display":"","ast-hfb-mobile-header-display":"","site-post-title":"disabled","ast-breadcrumbs-content":"","ast-featured-img":"","footer-sml-layout":"","theme-transparent-header-meta":"","adv-header-id-meta":"","stick-header-meta":"","header-above-stick-meta":"","header-main-stick-meta":"","header-below-stick-meta":"","footnotes":""},"class_list":["post-154","page","type-page","status-publish","hentry"],"_links":{"self":[{"href":"https:\/\/www.viktor-ferus.cz\/index.php?rest_route=\/wp\/v2\/pages\/154","targetHints":{"allow":["GET"]}}],"collection":[{"href":"https:\/\/www.viktor-ferus.cz\/index.php?rest_route=\/wp\/v2\/pages"}],"about":[{"href":"https:\/\/www.viktor-ferus.cz\/index.php?rest_route=\/wp\/v2\/types\/page"}],"author":[{"embeddable":true,"href":"https:\/\/www.viktor-ferus.cz\/index.php?rest_route=\/wp\/v2\/users\/1"}],"replies":[{"embeddable":true,"href":"https:\/\/www.viktor-ferus.cz\/index.php?rest_route=%2Fwp%2Fv2%2Fcomments&post=154"}],"version-history":[{"count":19,"href":"https:\/\/www.viktor-ferus.cz\/index.php?rest_route=\/wp\/v2\/pages\/154\/revisions"}],"predecessor-version":[{"id":319,"href":"https:\/\/www.viktor-ferus.cz\/index.php?rest_route=\/wp\/v2\/pages\/154\/revisions\/319"}],"wp:attachment":[{"href":"https:\/\/www.viktor-ferus.cz\/index.php?rest_route=%2Fwp%2Fv2%2Fmedia&parent=154"}],"curies":[{"name":"wp","href":"https:\/\/api.w.org\/{rel}","templated":true}]}}